{"id":4346,"date":"2023-09-18T14:02:55","date_gmt":"2023-09-18T14:02:55","guid":{"rendered":"http:\/\/www.armetalmutfak.com\/?page_id=4346"},"modified":"2023-09-20T09:20:02","modified_gmt":"2023-09-20T09:20:02","slug":"qr-menu","status":"publish","type":"page","link":"http:\/\/www.armetalmutfak.com\/index.php\/qr-menu\/","title":{"rendered":"QR Men\u00fc"},"content":{"rendered":"\t\t<div data-elementor-type=\"wp-page\" data-elementor-id=\"4346\" class=\"elementor elementor-4346\">\n\t\t\t\t\t\t<section class=\"elementor-section elementor-top-section elementor-element elementor-element-aee8f65 elementor-section-boxed elementor-section-height-default elementor-section-height-default\" data-id=\"aee8f65\" data-element_type=\"section\">\n\t\t\t\t\t\t<div class=\"elementor-container elementor-column-gap-default\">\n\t\t\t\t\t<div class=\"elementor-column elementor-col-100 elementor-top-column elementor-element elementor-element-f97dfb8\" data-id=\"f97dfb8\" data-element_type=\"column\">\n\t\t\t<div class=\"elementor-widget-wrap elementor-element-populated\">\n\t\t\t\t\t\t<div class=\"elementor-element elementor-element-5582680 elementor-widget elementor-widget-modina_card_item\" data-id=\"5582680\" data-element_type=\"widget\" data-widget_type=\"modina_card_item.default\">\n\t\t\t\t<div class=\"elementor-widget-container\">\n\t\t\t\t\t\r\n        <div class=\"single-approach-card single-card-item\">\r\n                <div class=\"card-thumb bg-cover\" style=\"background-image: url('http:\/\/www.armetalmutfak.com\/wp-content\/uploads\/2023\/09\/katalog-arkaplan.jpg')\"><\/div>\r\n                <div class=\"content\">\r\n                        <h3><a href=\"http:\/\/www.armetalmutfak.com\/wp-content\/uploads\/2023\/09\/Ar-Metal-Katalog-Dilek-1.pdf\">AR METAL KATALOG<\/a><\/h3>\r\n            <p><\/p>\r\n            <a href=\"http:\/\/www.armetalmutfak.com\/wp-content\/uploads\/2023\/09\/Ar-Metal-Katalog-Dilek-1.pdf  \" class=\"read-btn\">Katalogu G\u00f6r <i class=\"fal fa-long-arrow-right\"><\/i><\/a>\r\n        <\/div>\r\n    <\/div>\r\n        \t\t\t\t<\/div>\n\t\t\t\t<\/div>\n\t\t\t\t\t<\/div>\n\t\t<\/div>\n\t\t\t\t\t<\/div>\n\t\t<\/section>\n\t\t\t\t<section class=\"elementor-section elementor-top-section elementor-element elementor-element-ea6cc36 elementor-section-boxed elementor-section-height-default elementor-section-height-default\" data-id=\"ea6cc36\" data-element_type=\"section\">\n\t\t\t\t\t\t<div class=\"elementor-container elementor-column-gap-default\">\n\t\t\t\t\t<div class=\"elementor-column elementor-col-50 elementor-top-column elementor-element elementor-element-d5108db\" data-id=\"d5108db\" data-element_type=\"column\">\n\t\t\t<div class=\"elementor-widget-wrap elementor-element-populated\">\n\t\t\t\t\t\t<div class=\"elementor-element elementor-element-1516785 elementor-widget elementor-widget-modina_card_item\" data-id=\"1516785\" data-element_type=\"widget\" data-widget_type=\"modina_card_item.default\">\n\t\t\t\t<div class=\"elementor-widget-container\">\n\t\t\t\t\t\r\n        <div class=\"single-approach-card single-card-item\">\r\n                <div class=\"card-thumb bg-cover\" style=\"background-image: url('http:\/\/www.armetalmutfak.com\/wp-content\/uploads\/2023\/09\/fiyatlistessi-kopya.jpg')\"><\/div>\r\n                <div class=\"content\">\r\n                        <h3><a href=\"http:\/\/www.armetalmutfak.com\/wp-content\/uploads\/2023\/09\/2023-FIYAT-LISTESI.pdf\">2023 F\u0130YAT L\u0130STES\u0130<\/a><\/h3>\r\n            <p><\/p>\r\n            <a href=\"http:\/\/www.armetalmutfak.com\/wp-content\/uploads\/2023\/09\/2023-FIYAT-LISTESI.pdf  \" class=\"read-btn\">Fiyat Listesini G\u00f6r <i class=\"fal fa-long-arrow-right\"><\/i><\/a>\r\n        <\/div>\r\n    <\/div>\r\n        \t\t\t\t<\/div>\n\t\t\t\t<\/div>\n\t\t\t\t\t<\/div>\n\t\t<\/div>\n\t\t\t\t<div class=\"elementor-column elementor-col-50 elementor-top-column elementor-element elementor-element-56dc6c4\" data-id=\"56dc6c4\" data-element_type=\"column\">\n\t\t\t<div class=\"elementor-widget-wrap elementor-element-populated\">\n\t\t\t\t\t\t<div class=\"elementor-element elementor-element-e223b07 elementor-widget elementor-widget-modina_card_item\" data-id=\"e223b07\" data-element_type=\"widget\" data-widget_type=\"modina_card_item.default\">\n\t\t\t\t<div class=\"elementor-widget-container\">\n\t\t\t\t\t\r\n        <div class=\"single-approach-card single-card-item\">\r\n                <div class=\"card-thumb bg-cover\" style=\"background-image: url('http:\/\/www.armetalmutfak.com\/wp-content\/uploads\/2023\/09\/prics.jpg')\"><\/div>\r\n                <div class=\"content\">\r\n                        <h3><a href=\"http:\/\/www.armetalmutfak.com\/wp-content\/uploads\/2023\/09\/AR-METAL-2023-PRICE-LIST.pdf\">AR METAL - 2023 PRICE LIST<\/a><\/h3>\r\n            <p><\/p>\r\n            <a href=\"http:\/\/www.armetalmutfak.com\/wp-content\/uploads\/2023\/09\/AR-METAL-2023-PRICE-LIST.pdf  \" class=\"read-btn\">See Price List <i class=\"fal fa-long-arrow-right\"><\/i><\/a>\r\n        <\/div>\r\n    <\/div>\r\n        \t\t\t\t<\/div>\n\t\t\t\t<\/div>\n\t\t\t\t\t<\/div>\n\t\t<\/div>\n\t\t\t\t\t<\/div>\n\t\t<\/section>\n\t\t\t\t<section class=\"elementor-section elementor-top-section elementor-element elementor-element-a9cc1c5 elementor-section-boxed elementor-section-height-default elementor-section-height-default\" data-id=\"a9cc1c5\" data-element_type=\"section\">\n\t\t\t\t\t\t<div class=\"elementor-container elementor-column-gap-default\">\n\t\t\t\t\t<div class=\"elementor-column elementor-col-50 elementor-top-column elementor-element elementor-element-2745ab1\" data-id=\"2745ab1\" data-element_type=\"column\">\n\t\t\t<div class=\"elementor-widget-wrap elementor-element-populated\">\n\t\t\t\t\t\t<div class=\"elementor-element elementor-element-87bdb23 elementor-widget elementor-widget-modina_card_item\" data-id=\"87bdb23\" data-element_type=\"widget\" data-widget_type=\"modina_card_item.default\">\n\t\t\t\t<div class=\"elementor-widget-container\">\n\t\t\t\t\t\r\n        <div class=\"single-approach-card single-card-item\">\r\n                <div class=\"card-thumb bg-cover\" style=\"background-image: url('http:\/\/www.armetalmutfak.com\/wp-content\/uploads\/2023\/09\/sartname.jpg')\"><\/div>\r\n                <div class=\"content\">\r\n                        <h3><a href=\"http:\/\/www.armetalmutfak.com\/wp-content\/uploads\/2023\/09\/ARMETAL-GENERAL-MANUFACTURE-AND-ASSEMBLY-SPECIFICATIONS.pdf\">ARMETAL GENEL I\u0307MALAT VE MONTAJ S\u0327ARTNAMESI\u0307 <\/a><\/h3>\r\n            <p><\/p>\r\n            <a href=\"http:\/\/www.armetalmutfak.com\/wp-content\/uploads\/2023\/09\/ARMETAL-GENERAL-MANUFACTURE-AND-ASSEMBLY-SPECIFICATIONS.pdf  \" class=\"read-btn\">\u015eartnameyi G\u00f6r <i class=\"fal fa-long-arrow-right\"><\/i><\/a>\r\n        <\/div>\r\n    <\/div>\r\n        \t\t\t\t<\/div>\n\t\t\t\t<\/div>\n\t\t\t\t\t<\/div>\n\t\t<\/div>\n\t\t\t\t<div class=\"elementor-column elementor-col-50 elementor-top-column elementor-element elementor-element-328253c\" data-id=\"328253c\" data-element_type=\"column\">\n\t\t\t<div class=\"elementor-widget-wrap elementor-element-populated\">\n\t\t\t\t\t\t<div class=\"elementor-element elementor-element-be8c486 elementor-widget elementor-widget-modina_card_item\" data-id=\"be8c486\" data-element_type=\"widget\" data-widget_type=\"modina_card_item.default\">\n\t\t\t\t<div class=\"elementor-widget-container\">\n\t\t\t\t\t\r\n        <div class=\"single-approach-card single-card-item\">\r\n                <div class=\"card-thumb bg-cover\" style=\"background-image: url('http:\/\/www.armetalmutfak.com\/wp-content\/uploads\/2023\/09\/greplers.jpg')\"><\/div>\r\n                <div class=\"content\">\r\n                        <h3><a href=\"http:\/\/www.armetalmutfak.com\/wp-content\/uploads\/2023\/09\/ARMETAL-GENERAL-MANUFACTURE-AND-ASSEMBLY-SPECIFICATIONS.pdf\">ARMETAL GENERAL MANUFACTURE AND ASSEMBLY SPECIFICATIONS<\/a><\/h3>\r\n            <p><\/p>\r\n            <a href=\"http:\/\/www.armetalmutfak.com\/wp-content\/uploads\/2023\/09\/ARMETAL-GENERAL-MANUFACTURE-AND-ASSEMBLY-SPECIFICATIONS.pdf  \" class=\"read-btn\">See Specification <i class=\"fal fa-long-arrow-right\"><\/i><\/a>\r\n        <\/div>\r\n    <\/div>\r\n        \t\t\t\t<\/div>\n\t\t\t\t<\/div>\n\t\t\t\t\t<\/div>\n\t\t<\/div>\n\t\t\t\t\t<\/div>\n\t\t<\/section>\n\t\t\t\t<section class=\"elementor-section elementor-top-section elementor-element elementor-element-4f32e3a elementor-section-boxed elementor-section-height-default elementor-section-height-default\" data-id=\"4f32e3a\" data-element_type=\"section\">\n\t\t\t\t\t\t<div class=\"elementor-container elementor-column-gap-default\">\n\t\t\t\t\t<div class=\"elementor-column elementor-col-100 elementor-top-column elementor-element elementor-element-296245a\" data-id=\"296245a\" data-element_type=\"column\">\n\t\t\t<div class=\"elementor-widget-wrap elementor-element-populated\">\n\t\t\t\t\t\t<div class=\"elementor-element elementor-element-b0da028 elementor-widget elementor-widget-spacer\" data-id=\"b0da028\" data-element_type=\"widget\" data-widget_type=\"spacer.default\">\n\t\t\t\t<div class=\"elementor-widget-container\">\n\t\t\t\t\t\t\t<div class=\"elementor-spacer\">\n\t\t\t<div class=\"elementor-spacer-inner\"><\/div>\n\t\t<\/div>\n\t\t\t\t\t\t<\/div>\n\t\t\t\t<\/div>\n\t\t\t\t\t<\/div>\n\t\t<\/div>\n\t\t\t\t\t<\/div>\n\t\t<\/section>\n\t\t\t\t<\/div>\n\t\t","protected":false},"excerpt":{"rendered":"<p>AR METAL KATALOG Katalogu G\u00f6r 2023 F\u0130YAT L\u0130STES\u0130 Fiyat Listesini G\u00f6r AR METAL &#8211; 2023 PRICE LIST See Price List ARMETAL GENEL I\u0307MALAT VE MONTAJ S\u0327ARTNAMESI\u0307 \u015eartnameyi G\u00f6r ARMETAL GENERAL MANUFACTURE AND ASSEMBLY SPECIFICATIONS See Specification<\/p>\n","protected":false},"author":1,"featured_media":0,"parent":0,"menu_order":0,"comment_status":"closed","ping_status":"closed","template":"","meta":{"footnotes":""},"acf":[],"_links":{"self":[{"href":"http:\/\/www.armetalmutfak.com\/index.php\/wp-json\/wp\/v2\/pages\/4346"}],"collection":[{"href":"http:\/\/www.armetalmutfak.com\/index.php\/wp-json\/wp\/v2\/pages"}],"about":[{"href":"http:\/\/www.armetalmutfak.com\/index.php\/wp-json\/wp\/v2\/types\/page"}],"author":[{"embeddable":true,"href":"http:\/\/www.armetalmutfak.com\/index.php\/wp-json\/wp\/v2\/users\/1"}],"replies":[{"embeddable":true,"href":"http:\/\/www.armetalmutfak.com\/index.php\/wp-json\/wp\/v2\/comments?post=4346"}],"version-history":[{"count":82,"href":"http:\/\/www.armetalmutfak.com\/index.php\/wp-json\/wp\/v2\/pages\/4346\/revisions"}],"predecessor-version":[{"id":4492,"href":"http:\/\/www.armetalmutfak.com\/index.php\/wp-json\/wp\/v2\/pages\/4346\/revisions\/4492"}],"wp:attachment":[{"href":"http:\/\/www.armetalmutfak.com\/index.php\/wp-json\/wp\/v2\/media?parent=4346"}],"curies":[{"name":"wp","href":"https:\/\/api.w.org\/{rel}","templated":true}]}}